{"id":12719,"date":"2023-12-22T09:48:19","date_gmt":"2023-12-22T09:48:19","guid":{"rendered":"https:\/\/sio2.es\/?post_type=product&#038;p=12719"},"modified":"2025-03-07T21:08:38","modified_gmt":"2025-03-07T21:08:38","slug":"pendientes-deco","status":"publish","type":"product","link":"https:\/\/sio2.es\/en\/tienda-online\/pendientes-deco\/","title":{"rendered":"Pendientes Dec\u00f3"},"content":{"rendered":"\t\t<div data-elementor-type=\"wp-post\" data-elementor-id=\"12719\" class=\"elementor elementor-12719\">\n\t\t\t\t\t\t<section class=\"elementor-section elementor-top-section elementor-element elementor-element-d38db48 elementor-section-boxed elementor-section-height-default elementor-section-height-default\" data-id=\"d38db48\" data-element_type=\"section\" data-e-type=\"section\">\n\t\t\t\t\t\t<div class=\"elementor-container elementor-column-gap-default\">\n\t\t\t\t\t<div class=\"elementor-column elementor-col-100 elementor-top-column elementor-element elementor-element-e53bc95\" data-id=\"e53bc95\" data-element_type=\"column\" data-e-type=\"column\">\n\t\t\t<div class=\"elementor-widget-wrap elementor-element-populated\">\n\t\t\t\t\t\t<div class=\"elementor-element elementor-element-d50a342 elementor-tabs-view-horizontal elementor-widget elementor-widget-tabs\" data-id=\"d50a342\" data-element_type=\"widget\" data-e-type=\"widget\" data-widget_type=\"tabs.default\">\n\t\t\t\t<div class=\"elementor-widget-container\">\n\t\t\t\t\t\t\t<div class=\"elementor-tabs\">\n\t\t\t<div class=\"elementor-tabs-wrapper\" role=\"tablist\" >\n\t\t\t\t\t\t\t\t\t<div id=\"elementor-tab-title-2231\" class=\"elementor-tab-title elementor-tab-desktop-title\" aria-selected=\"true\" data-tab=\"1\" role=\"tab\" tabindex=\"0\" aria-controls=\"elementor-tab-content-2231\" aria-expanded=\"false\">\u00bfPor qu\u00e9 comprar en SiO2?<\/div>\n\t\t\t\t\t\t\t\t\t<div id=\"elementor-tab-title-2232\" class=\"elementor-tab-title elementor-tab-desktop-title\" aria-selected=\"false\" data-tab=\"2\" role=\"tab\" tabindex=\"-1\" aria-controls=\"elementor-tab-content-2232\" aria-expanded=\"false\">Packaging<\/div>\n\t\t\t\t\t\t\t<\/div>\n\t\t\t<div class=\"elementor-tabs-content-wrapper\" role=\"tablist\" aria-orientation=\"vertical\">\n\t\t\t\t\t\t\t\t\t<div class=\"elementor-tab-title elementor-tab-mobile-title\" aria-selected=\"true\" data-tab=\"1\" role=\"tab\" tabindex=\"0\" aria-controls=\"elementor-tab-content-2231\" aria-expanded=\"false\">\u00bfPor qu\u00e9 comprar en SiO2?<\/div>\n\t\t\t\t\t<div id=\"elementor-tab-content-2231\" class=\"elementor-tab-content elementor-clearfix\" data-tab=\"1\" role=\"tabpanel\" aria-labelledby=\"elementor-tab-title-2231\" tabindex=\"0\" hidden=\"false\"><p>Todas las piezas est\u00e1n hechas a mano en vidrio desde mi taller en Valencia.\u00a0\u00a0<\/p><p>Se trabajan con mucho cuidado en todos sus detalles.\u00a0<\/p><p>Cada pieza\u00a0puede tener\u202fpeque\u00f1as diferencias,\u00a0que es\u00a0de valorar como caracter\u00edstica de un producto hecho a mano,\u00a0que lo hace \u00fanico.\u00a0<\/p><p>Son creaciones que siguen los tiempos de una producci\u00f3n artesanal, apuestan por un producto de calidad, y tiempo de dedicaci\u00f3n en el dise\u00f1o. <\/p><\/div>\n\t\t\t\t\t\t\t\t\t<div class=\"elementor-tab-title elementor-tab-mobile-title\" aria-selected=\"false\" data-tab=\"2\" role=\"tab\" tabindex=\"-1\" aria-controls=\"elementor-tab-content-2232\" aria-expanded=\"false\">Packaging<\/div>\n\t\t\t\t\t<div id=\"elementor-tab-content-2232\" class=\"elementor-tab-content elementor-clearfix\" data-tab=\"2\" role=\"tabpanel\" aria-labelledby=\"elementor-tab-title-2232\" tabindex=\"0\" hidden=\"hidden\"><p>Cada pedido se prepara con mucho cari\u00f1o. En la caja encontraras un certificado de autenticidad firmado.<\/p><p>Todas las piezas est\u00e1n bien protegidas para viajar.<\/p><p>Adem\u00e1s, encontraras una tarjeta de agradecimiento. Porque gracias a tu compra se mantiene la tradici\u00f3n artesana y el trabajo creativo.<\/p><\/div>\n\t\t\t\t\t\t\t<\/div>\n\t\t<\/div>\n\t\t\t\t\t\t<\/div>\n\t\t\t\t<\/div>\n\t\t\t\t\t<\/div>\n\t\t<\/div>\n\t\t\t\t\t<\/div>\n\t\t<\/section>\n\t\t\t\t<\/div>\n\t\t","protected":false},"excerpt":{"rendered":"<p>Pendientes de aro, inspiradas en las\u00a0 formas geom\u00e9trica del siglo IXX<\/p>\n<p>Vidrio negro opaco y vidrio transparente<\/p>\n<p>Aro en acero<\/p>\n","protected":false},"featured_media":12698,"comment_status":"closed","ping_status":"closed","template":"","meta":[],"product_brand":[],"product_cat":[117,105],"product_tag":[],"class_list":{"0":"post-12719","1":"product","2":"type-product","3":"status-publish","4":"has-post-thumbnail","6":"product_cat-deco","7":"product_cat-pendientes","9":"first","10":"instock","11":"taxable","12":"shipping-taxable","13":"purchasable","14":"product-type-variable"},"yoast_head":"<!-- This site is optimized with the Yoast SEO plugin v26.9 - https:\/\/yoast.com\/product\/yoast-seo-wordpress\/ -->\n<title>Pendientes Dec\u00f3 - SIO2<\/title>\n<meta name=\"robots\" content=\"index, follow, max-snippet:-1, max-image-preview:large, max-video-preview:-1\" \/>\n<link rel=\"canonical\" href=\"https:\/\/sio2.es\/en\/tienda-online\/pendientes-deco\/\" \/>\n<meta property=\"og:locale\" content=\"en_US\" \/>\n<meta property=\"og:type\" content=\"article\" \/>\n<meta property=\"og:title\" content=\"Pendientes Dec\u00f3 - SIO2\" \/>\n<meta property=\"og:description\" content=\"Pendientes de aro, inspiradas en las\u00a0 formas geom\u00e9trica del siglo IXX  Vidrio negro opaco y vidrio transparente  Aro en acero\" \/>\n<meta property=\"og:url\" content=\"https:\/\/sio2.es\/en\/tienda-online\/pendientes-deco\/\" \/>\n<meta property=\"og:site_name\" content=\"SIO2\" \/>\n<meta property=\"article:modified_time\" content=\"2025-03-07T21:08:38+00:00\" \/>\n<meta property=\"og:image\" content=\"https:\/\/sio2.es\/wp-content\/uploads\/2023\/12\/1-2-foto-modelo-pendientes80-deco.jpg\" \/>\n\t<meta property=\"og:image:width\" content=\"1200\" \/>\n\t<meta property=\"og:image:height\" content=\"1800\" \/>\n\t<meta property=\"og:image:type\" content=\"image\/jpeg\" \/>\n<meta name=\"twitter:card\" content=\"summary_large_image\" \/>\n<meta name=\"twitter:label1\" content=\"Est. reading time\" \/>\n\t<meta name=\"twitter:data1\" content=\"1 minute\" \/>\n<script type=\"application\/ld+json\" class=\"yoast-schema-graph\">{\"@context\":\"https:\/\/schema.org\",\"@graph\":[{\"@type\":\"WebPage\",\"@id\":\"https:\/\/sio2.es\/en\/tienda-online\/pendientes-deco\/\",\"url\":\"https:\/\/sio2.es\/en\/tienda-online\/pendientes-deco\/\",\"name\":\"Pendientes Dec\u00f3 - SIO2\",\"isPartOf\":{\"@id\":\"https:\/\/sio2.es\/en\/#website\"},\"primaryImageOfPage\":{\"@id\":\"https:\/\/sio2.es\/en\/tienda-online\/pendientes-deco\/#primaryimage\"},\"image\":{\"@id\":\"https:\/\/sio2.es\/en\/tienda-online\/pendientes-deco\/#primaryimage\"},\"thumbnailUrl\":\"https:\/\/sio2.es\/wp-content\/uploads\/2023\/12\/1-2-foto-modelo-pendientes80-deco.jpg\",\"datePublished\":\"2023-12-22T09:48:19+00:00\",\"dateModified\":\"2025-03-07T21:08:38+00:00\",\"breadcrumb\":{\"@id\":\"https:\/\/sio2.es\/en\/tienda-online\/pendientes-deco\/#breadcrumb\"},\"inLanguage\":\"en-US\",\"potentialAction\":[{\"@type\":\"ReadAction\",\"target\":[\"https:\/\/sio2.es\/en\/tienda-online\/pendientes-deco\/\"]}]},{\"@type\":\"ImageObject\",\"inLanguage\":\"en-US\",\"@id\":\"https:\/\/sio2.es\/en\/tienda-online\/pendientes-deco\/#primaryimage\",\"url\":\"https:\/\/sio2.es\/wp-content\/uploads\/2023\/12\/1-2-foto-modelo-pendientes80-deco.jpg\",\"contentUrl\":\"https:\/\/sio2.es\/wp-content\/uploads\/2023\/12\/1-2-foto-modelo-pendientes80-deco.jpg\",\"width\":1200,\"height\":1800},{\"@type\":\"BreadcrumbList\",\"@id\":\"https:\/\/sio2.es\/en\/tienda-online\/pendientes-deco\/#breadcrumb\",\"itemListElement\":[{\"@type\":\"ListItem\",\"position\":1,\"name\":\"Portada\",\"item\":\"https:\/\/sio2.es\/en\/\"},{\"@type\":\"ListItem\",\"position\":2,\"name\":\"Shop\",\"item\":\"https:\/\/sio2.es\/en\/shop-3\/\"},{\"@type\":\"ListItem\",\"position\":3,\"name\":\"Pendientes Dec\u00f3\"}]},{\"@type\":\"WebSite\",\"@id\":\"https:\/\/sio2.es\/en\/#website\",\"url\":\"https:\/\/sio2.es\/en\/\",\"name\":\"SIO2\",\"description\":\"\",\"potentialAction\":[{\"@type\":\"SearchAction\",\"target\":{\"@type\":\"EntryPoint\",\"urlTemplate\":\"https:\/\/sio2.es\/en\/?s={search_term_string}\"},\"query-input\":{\"@type\":\"PropertyValueSpecification\",\"valueRequired\":true,\"valueName\":\"search_term_string\"}}],\"inLanguage\":\"en-US\"}]}<\/script>\n<!-- \/ Yoast SEO plugin. -->","yoast_head_json":{"title":"Pendientes Dec\u00f3 - SIO2","robots":{"index":"index","follow":"follow","max-snippet":"max-snippet:-1","max-image-preview":"max-image-preview:large","max-video-preview":"max-video-preview:-1"},"canonical":"https:\/\/sio2.es\/en\/tienda-online\/pendientes-deco\/","og_locale":"en_US","og_type":"article","og_title":"Pendientes Dec\u00f3 - SIO2","og_description":"Pendientes de aro, inspiradas en las\u00a0 formas geom\u00e9trica del siglo IXX  Vidrio negro opaco y vidrio transparente  Aro en acero","og_url":"https:\/\/sio2.es\/en\/tienda-online\/pendientes-deco\/","og_site_name":"SIO2","article_modified_time":"2025-03-07T21:08:38+00:00","og_image":[{"width":1200,"height":1800,"url":"https:\/\/sio2.es\/wp-content\/uploads\/2023\/12\/1-2-foto-modelo-pendientes80-deco.jpg","type":"image\/jpeg"}],"twitter_card":"summary_large_image","twitter_misc":{"Est. reading time":"1 minute"},"schema":{"@context":"https:\/\/schema.org","@graph":[{"@type":"WebPage","@id":"https:\/\/sio2.es\/en\/tienda-online\/pendientes-deco\/","url":"https:\/\/sio2.es\/en\/tienda-online\/pendientes-deco\/","name":"Pendientes Dec\u00f3 - SIO2","isPartOf":{"@id":"https:\/\/sio2.es\/en\/#website"},"primaryImageOfPage":{"@id":"https:\/\/sio2.es\/en\/tienda-online\/pendientes-deco\/#primaryimage"},"image":{"@id":"https:\/\/sio2.es\/en\/tienda-online\/pendientes-deco\/#primaryimage"},"thumbnailUrl":"https:\/\/sio2.es\/wp-content\/uploads\/2023\/12\/1-2-foto-modelo-pendientes80-deco.jpg","datePublished":"2023-12-22T09:48:19+00:00","dateModified":"2025-03-07T21:08:38+00:00","breadcrumb":{"@id":"https:\/\/sio2.es\/en\/tienda-online\/pendientes-deco\/#breadcrumb"},"inLanguage":"en-US","potentialAction":[{"@type":"ReadAction","target":["https:\/\/sio2.es\/en\/tienda-online\/pendientes-deco\/"]}]},{"@type":"ImageObject","inLanguage":"en-US","@id":"https:\/\/sio2.es\/en\/tienda-online\/pendientes-deco\/#primaryimage","url":"https:\/\/sio2.es\/wp-content\/uploads\/2023\/12\/1-2-foto-modelo-pendientes80-deco.jpg","contentUrl":"https:\/\/sio2.es\/wp-content\/uploads\/2023\/12\/1-2-foto-modelo-pendientes80-deco.jpg","width":1200,"height":1800},{"@type":"BreadcrumbList","@id":"https:\/\/sio2.es\/en\/tienda-online\/pendientes-deco\/#breadcrumb","itemListElement":[{"@type":"ListItem","position":1,"name":"Portada","item":"https:\/\/sio2.es\/en\/"},{"@type":"ListItem","position":2,"name":"Shop","item":"https:\/\/sio2.es\/en\/shop-3\/"},{"@type":"ListItem","position":3,"name":"Pendientes Dec\u00f3"}]},{"@type":"WebSite","@id":"https:\/\/sio2.es\/en\/#website","url":"https:\/\/sio2.es\/en\/","name":"SIO2","description":"","potentialAction":[{"@type":"SearchAction","target":{"@type":"EntryPoint","urlTemplate":"https:\/\/sio2.es\/en\/?s={search_term_string}"},"query-input":{"@type":"PropertyValueSpecification","valueRequired":true,"valueName":"search_term_string"}}],"inLanguage":"en-US"}]}},"_links":{"self":[{"href":"https:\/\/sio2.es\/en\/wp-json\/wp\/v2\/product\/12719","targetHints":{"allow":["GET"]}}],"collection":[{"href":"https:\/\/sio2.es\/en\/wp-json\/wp\/v2\/product"}],"about":[{"href":"https:\/\/sio2.es\/en\/wp-json\/wp\/v2\/types\/product"}],"replies":[{"embeddable":true,"href":"https:\/\/sio2.es\/en\/wp-json\/wp\/v2\/comments?post=12719"}],"version-history":[{"count":1,"href":"https:\/\/sio2.es\/en\/wp-json\/wp\/v2\/product\/12719\/revisions"}],"predecessor-version":[{"id":12730,"href":"https:\/\/sio2.es\/en\/wp-json\/wp\/v2\/product\/12719\/revisions\/12730"}],"wp:featuredmedia":[{"embeddable":true,"href":"https:\/\/sio2.es\/en\/wp-json\/wp\/v2\/media\/12698"}],"wp:attachment":[{"href":"https:\/\/sio2.es\/en\/wp-json\/wp\/v2\/media?parent=12719"}],"wp:term":[{"taxonomy":"product_brand","embeddable":true,"href":"https:\/\/sio2.es\/en\/wp-json\/wp\/v2\/product_brand?post=12719"},{"taxonomy":"product_cat","embeddable":true,"href":"https:\/\/sio2.es\/en\/wp-json\/wp\/v2\/product_cat?post=12719"},{"taxonomy":"product_tag","embeddable":true,"href":"https:\/\/sio2.es\/en\/wp-json\/wp\/v2\/product_tag?post=12719"}],"curies":[{"name":"wp","href":"https:\/\/api.w.org\/{rel}","templated":true}]}}